{"id":43,"date":"2026-01-21T16:20:09","date_gmt":"2026-01-21T16:20:09","guid":{"rendered":"https:\/\/helicomnia.fr\/site\/?page_id=43"},"modified":"2026-02-18T09:43:45","modified_gmt":"2026-02-18T08:43:45","slug":"adherer-a-lasso","status":"publish","type":"page","link":"https:\/\/helicomnia.fr\/site\/adherer-a-lasso\/","title":{"rendered":"Adh\u00e9rer \u00e0 l&rsquo;asso"},"content":{"rendered":"\n<h1>\n\t\t\tAdh\u00e9rer \u00e0 H\u00e9licomnia\t<\/h1>\n\t<h1><strong>Pourquoi adh\u00e9rer ?<\/strong><\/h1>\n\t<p>En adh\u00e9rant \u00e0 H\u00e9licomnia vous participez directement au financement de nos projets. Pour un souci d&rsquo;\u00e9quit\u00e9, nous proposons trois tarifs diff\u00e9rents d&rsquo;adh\u00e9sion. Vous pouvez payer le tarif que vous voulez parmi les trois propos\u00e9s sans besoin de vous justifier ! Merci beaucoup !<\/p>\n\t<iframe id=\"haWidget\" allowtransparency=\"true\" src=\"https:\/\/www.helloasso.com\/associations\/helicomnia\/adhesions\/campagne-d-adhesion-2026\/widget\" onload=\"window.addEventListener( 'message', function(e) { const dataHeight = e.data.height; const haWidgetElement = document.getElementById('haWidget'); haWidgetElement.height = dataHeight + 'px'; } )\"><\/iframe>\n<figure itemscope itemtype=\"https:\/\/schema.org\/ImageObject\">\n\t\t\t\t<img decoding=\"async\" src=\"https:\/\/helicomnia.fr\/site\/wp-content\/uploads\/2025\/10\/logo-avec-nom-blanc.png\" alt=\"logo avec nom blanc\" height=\"718\" width=\"780\" title=\"logo avec nom blanc\" onerror=\"this.style.display='none'\" loading=\"lazy\" \/>\n\t<\/figure>\n\t<h3>Suivez-nous !<\/h3>\n\t<p>Association loi 1901<\/p>\n<p>SIRET : 94476893600014<\/p>\n<p>&nbsp;<\/p>\n\n","protected":false},"excerpt":{"rendered":"<p>Adh\u00e9rer \u00e0 H\u00e9licomnia Pourquoi adh\u00e9rer ? En adh\u00e9rant \u00e0 H\u00e9licomnia vous participez directement au financement de nos projets. Pour un souci d&rsquo;\u00e9quit\u00e9, nous proposons trois tarifs diff\u00e9rents d&rsquo;adh\u00e9sion. Vous pouvez&hellip;<\/p>\n","protected":false},"author":1,"featured_media":0,"parent":0,"menu_order":0,"comment_status":"closed","ping_status":"closed","template":"tpl-no-header-footer.php","meta":{"_EventAllDay":false,"_EventTimezone":"","_EventStartDate":"","_EventEndDate":"","_EventStartDateUTC":"","_EventEndDateUTC":"","_EventShowMap":false,"_EventShowMapLink":false,"_EventURL":"","_EventCost":"","_EventCostDescription":"","_EventCurrencySymbol":"","_EventCurrencyCode":"","_EventCurrencyPosition":"","_EventDateTimeSeparator":"","_EventTimeRangeSeparator":"","_EventOrganizerID":[],"_EventVenueID":[],"_OrganizerEmail":"","_OrganizerPhone":"","_OrganizerWebsite":"","_VenueAddress":"","_VenueCity":"","_VenueCountry":"","_VenueProvince":"","_VenueState":"","_VenueZip":"","_VenuePhone":"","_VenueURL":"","_VenueStateProvince":"","_VenueLat":"","_VenueLng":"","_VenueShowMap":false,"_VenueShowMapLink":false,"footnotes":""},"class_list":["post-43","page","type-page","status-publish","hentry"],"_links":{"self":[{"href":"https:\/\/helicomnia.fr\/site\/wp-json\/wp\/v2\/pages\/43","targetHints":{"allow":["GET"]}}],"collection":[{"href":"https:\/\/helicomnia.fr\/site\/wp-json\/wp\/v2\/pages"}],"about":[{"href":"https:\/\/helicomnia.fr\/site\/wp-json\/wp\/v2\/types\/page"}],"author":[{"embeddable":true,"href":"https:\/\/helicomnia.fr\/site\/wp-json\/wp\/v2\/users\/1"}],"replies":[{"embeddable":true,"href":"https:\/\/helicomnia.fr\/site\/wp-json\/wp\/v2\/comments?post=43"}],"version-history":[{"count":6,"href":"https:\/\/helicomnia.fr\/site\/wp-json\/wp\/v2\/pages\/43\/revisions"}],"predecessor-version":[{"id":123,"href":"https:\/\/helicomnia.fr\/site\/wp-json\/wp\/v2\/pages\/43\/revisions\/123"}],"wp:attachment":[{"href":"https:\/\/helicomnia.fr\/site\/wp-json\/wp\/v2\/media?parent=43"}],"curies":[{"name":"wp","href":"https:\/\/api.w.org\/{rel}","templated":true}]}}