{"id":21,"date":"2025-10-02T13:34:30","date_gmt":"2025-10-02T13:34:30","guid":{"rendered":"https:\/\/helicomnia.fr\/site\/?page_id=21"},"modified":"2026-02-18T09:42:52","modified_gmt":"2026-02-18T08:42:52","slug":"qui-sommes-nous","status":"publish","type":"page","link":"https:\/\/helicomnia.fr\/site\/qui-sommes-nous\/","title":{"rendered":"Qui sommes-nous ?"},"content":{"rendered":"\n<h1>\n\t\t\tQui sommes-nous ?\u00a0\t<\/h1>\n<h3>\n\t\t\tH\u00e9licomnia\t<\/h3>\n<h3>\n\t\t\tAssociation culturelle depuis avril 2025\t<\/h3>\n\tPour nous, la culture joue un r\u00f4le fondamental dans la vie de chaque individu. Elle alimente un imaginaire collectif et offre un lieu de partage o\u00f9 chacun peut s&rsquo;identifier et s&rsquo;exprimer. Plus qu&rsquo;un simple loisir, la culture \u00e9largit les horizons, suscite des questionnements, fait \u00e9merger des voix et \u00e9tablit des connexions entre les personnes. Elle c\u00e9l\u00e8bre la diversit\u00e9, fortifie les liens sociaux et place chaque individu au c\u0153ur d&rsquo;une histoire partag\u00e9e, tout en honorant et en enrichissant les singularit\u00e9s. Dans un monde en perp\u00e9tuelle transformation, la culture se r\u00e9v\u00e8le \u00eatre un puissant levier d&rsquo;\u00e9mancipation, de r\u00e9silience et d&rsquo;invention de nouveaux possibles.\n<strong>H\u00e9licomnia<\/strong> est une association artistique et culturelle anim\u00e9e par un objectif central : <strong>cr\u00e9er du lien<\/strong>. Du lien entre les <strong>habitants<\/strong>, les <strong>g\u00e9n\u00e9rations<\/strong>, les <strong>cultures<\/strong> et les <strong>territoires<\/strong>.\nAvec une attention port\u00e9e au terrain et aux rencontres, H\u00e9licomnia imagine des projets qui nourrissent une culture <strong>vivante<\/strong>, <strong>accueillante<\/strong>, <strong>en mouvement<\/strong>, tiss\u00e9e au fil des \u00e9changes avec celles et ceux qui y participent.\nL&rsquo;association \u0153uvre \u00e0 la <strong>cr\u00e9ation, la diffusion et l&rsquo;accompagnement de projets culturels<\/strong> \u00e0 travers une large diversit\u00e9 de d&rsquo;actions <strong>pluridisciplinaires.<\/strong> Ces projets sont pens\u00e9s pour s&rsquo;adapter aux contextes locaux, et favoriser une <strong>participation active<\/strong> des publics. L&rsquo;objectif n&rsquo;est pas seulement de proposer des \u0153uvres, mais de <strong>co-construire des exp\u00e9riences artistiques<\/strong> qui prennent place l\u00e0 o\u00f9 la rencontre est possible et f\u00e9conde.\nCes actions prennent forme <strong>sur le terrain<\/strong>, dans des contextes vari\u00e9s, \u00e0 travers des <strong>\u00e9v\u00e8nements culturels produit ou accompagn\u00e9s par H\u00e9licomnia<\/strong>. Qu&rsquo;ils soient <strong>ponctuels<\/strong> ou <strong>amen\u00e9s \u00e0 se reproduire<\/strong>, ces projets ont en commun d&rsquo;\u00eatre pens\u00e9s comme des <strong>moments de partage<\/strong>, de <strong>cr\u00e9ation collective<\/strong> et de <strong>rencontre artistique<\/strong>.\nChaque initiative est con\u00e7ue pour s&rsquo;ajuster aux sp\u00e9cificit\u00e9s locales : contraintes logistiques, attentes des publics, dynamiques partenariales&#8230;\nL&rsquo;objectif est de proposer des projets qui r\u00e9sonnent localement, en valorisant les <strong>ressources humaines, sociales et culturelles d\u00e9j\u00e0 pr\u00e9sentes<\/strong>.\nL&rsquo;association travaille en <strong>collaboration \u00e9troite<\/strong> avec les <strong>\u00e9lus<\/strong>, les <strong>collectivit\u00e9s<\/strong>, les <strong>associations locales<\/strong>, les <strong>structures \u00e9ducatives ou sociales<\/strong>, pour imaginer ensemble des actions culturelles qui favorisent la <strong>rencontre<\/strong>, la <strong>repr\u00e9sentativit\u00e9<\/strong>, et la <strong>mise en valeur des sp\u00e9cificit\u00e9s locales<\/strong>.\nCes projets peuvent contribuer \u00e0 <strong>redynamiser les territoires<\/strong>, \u00e0 renforcer le <strong>tissu social<\/strong>, et \u00e0 cr\u00e9er des <strong>espaces d&rsquo;expression collective<\/strong>, en particulier en <strong>milieu rural<\/strong>, o\u00f9 l&rsquo;acc\u00e8s \u00e0 la culture peut parfois \u00eatre plus limit\u00e9.\nNous croyons que la culture, lorsqu&rsquo;elle est partag\u00e9e, accessible et construite ensemble, devient un v\u00e9ritable <strong>levier de lien social<\/strong>, un <strong>outil d&rsquo;innovation collective<\/strong> et un <strong>espace d&rsquo;\u00e9panouissement commun<\/strong>.\n<figure itemscope itemtype=\"https:\/\/schema.org\/ImageObject\">\n\t\t\t\t<img decoding=\"async\" src=\"https:\/\/helicomnia.fr\/site\/wp-content\/uploads\/2025\/09\/cropped-logo-avec-nom-couleur.jpg\" alt=\"https:\/\/helicomnia.fr\/site\/wp-content\/uploads\/2025\/09\/cropped-logo-avec-nom-couleur.jpg\" height=\"512\" width=\"512\" title=\"cropped-logo-avec-nom-couleur.jpg\" onerror=\"this.style.display='none'\" loading=\"lazy\" \/>\n\t<\/figure>\n<figure itemscope itemtype=\"https:\/\/schema.org\/ImageObject\">\n\t\t\t\t<img decoding=\"async\" src=\"https:\/\/helicomnia.fr\/site\/wp-content\/uploads\/2025\/10\/logo-avec-nom-blanc.png\" alt=\"logo avec nom blanc\" height=\"718\" width=\"780\" title=\"logo avec nom blanc\" onerror=\"this.style.display='none'\" loading=\"lazy\" \/>\n\t<\/figure>\n\t<h3>Suivez-nous !<\/h3>\n\t<p>Association loi 1901<\/p>\n<p>SIRET : 94476893600014<\/p>\n<p>&nbsp;<\/p>\n\n","protected":false},"excerpt":{"rendered":"<p>Qui sommes-nous ?\u00a0 H\u00e9licomnia Association culturelle depuis avril 2025 Pour nous, la culture joue un r\u00f4le fondamental dans la vie de chaque individu. Elle alimente un imaginaire collectif et offre&hellip;<\/p>\n","protected":false},"author":1,"featured_media":0,"parent":0,"menu_order":0,"comment_status":"closed","ping_status":"closed","template":"tpl-no-header-footer.php","meta":{"_EventAllDay":false,"_EventTimezone":"","_EventStartDate":"","_EventEndDate":"","_EventStartDateUTC":"","_EventEndDateUTC":"","_EventShowMap":false,"_EventShowMapLink":false,"_EventURL":"","_EventCost":"","_EventCostDescription":"","_EventCurrencySymbol":"","_EventCurrencyCode":"","_EventCurrencyPosition":"","_EventDateTimeSeparator":"","_EventTimeRangeSeparator":"","_EventOrganizerID":[],"_EventVenueID":[],"_OrganizerEmail":"","_OrganizerPhone":"","_OrganizerWebsite":"","_VenueAddress":"","_VenueCity":"","_VenueCountry":"","_VenueProvince":"","_VenueState":"","_VenueZip":"","_VenuePhone":"","_VenueURL":"","_VenueStateProvince":"","_VenueLat":"","_VenueLng":"","_VenueShowMap":false,"_VenueShowMapLink":false,"footnotes":""},"class_list":["post-21","page","type-page","status-publish","hentry"],"_links":{"self":[{"href":"https:\/\/helicomnia.fr\/site\/wp-json\/wp\/v2\/pages\/21","targetHints":{"allow":["GET"]}}],"collection":[{"href":"https:\/\/helicomnia.fr\/site\/wp-json\/wp\/v2\/pages"}],"about":[{"href":"https:\/\/helicomnia.fr\/site\/wp-json\/wp\/v2\/types\/page"}],"author":[{"embeddable":true,"href":"https:\/\/helicomnia.fr\/site\/wp-json\/wp\/v2\/users\/1"}],"replies":[{"embeddable":true,"href":"https:\/\/helicomnia.fr\/site\/wp-json\/wp\/v2\/comments?post=21"}],"version-history":[{"count":8,"href":"https:\/\/helicomnia.fr\/site\/wp-json\/wp\/v2\/pages\/21\/revisions"}],"predecessor-version":[{"id":122,"href":"https:\/\/helicomnia.fr\/site\/wp-json\/wp\/v2\/pages\/21\/revisions\/122"}],"wp:attachment":[{"href":"https:\/\/helicomnia.fr\/site\/wp-json\/wp\/v2\/media?parent=21"}],"curies":[{"name":"wp","href":"https:\/\/api.w.org\/{rel}","templated":true}]}}