{"id":11,"date":"2025-09-11T14:58:40","date_gmt":"2025-09-11T14:58:40","guid":{"rendered":"https:\/\/helicomnia.fr\/site\/?page_id=11"},"modified":"2026-02-19T19:03:26","modified_gmt":"2026-02-19T18:03:26","slug":"accueil","status":"publish","type":"page","link":"https:\/\/helicomnia.fr\/site\/","title":{"rendered":"Accueil"},"content":{"rendered":"\n<h1>\n\t\t\tH\u00c9LICOMNIA\t<\/h1>\n\t<h1><strong>Nos actions<\/strong><\/h1>\n\t<h1><strong>\u00c9v\u00e8nements \u00e0 venir\u00a0<\/strong><\/h1>\n\t <ul class=\"ecs-event-list\"><li class=\"ecs-event musicomnia_ecs_category\"><h4 class=\"entry-title summary\"><a href=\"https:\/\/helicomnia.fr\/site\/event\/musicomnia-de-mai\/\" rel=\"bookmark\">Les Musicomnia de mai<\/a><\/h4><span class=\"duration time\"><span class=\"tribe-event-date-start\">7 mai \u00e0 18h00<\/span> - <span class=\"tribe-event-time\">21h00<\/span><\/span><span class=\"duration venue\"><em> \u00e0 <\/em>Le Cours<\/span><\/li><li class=\"ecs-event balades-de-lart_ecs_category\"><h4 class=\"entry-title summary\"><a href=\"https:\/\/helicomnia.fr\/site\/event\/les-balades-de-lart\/\" rel=\"bookmark\">Les balades de l&rsquo;art<\/a><\/h4><span class=\"duration time\"><span class=\"tribe-event-date-start\">23 mai \u00e0 15h30<\/span> - <span class=\"tribe-event-time\">17h00<\/span><\/span><span class=\"duration venue\"><em> \u00e0 <\/em>Chapelle Saint Nom de J\u00e9sus<\/span><\/li><li class=\"ecs-event musicomnia_ecs_category\"><h4 class=\"entry-title summary\"><a href=\"https:\/\/helicomnia.fr\/site\/event\/les-musicomnia-de-juin\/\" rel=\"bookmark\">Les Musicomnia de juin<\/a><\/h4><span class=\"duration time\"><span class=\"tribe-event-date-start\">19 juin \u00e0 18h00<\/span> - <span class=\"tribe-event-time\">19h00<\/span><\/span><span class=\"duration venue\"><em> \u00e0 <\/em>Le Cours<\/span><\/li><li class=\"ecs-event musicomnia_ecs_category\"><h4 class=\"entry-title summary\"><a href=\"https:\/\/helicomnia.fr\/site\/event\/les-musicomnia-de-juillet\/\" rel=\"bookmark\">Les Musicomnia de juillet<\/a><\/h4><span class=\"duration time\"><span class=\"tribe-event-date-start\">3 juillet \u00e0 18h00<\/span> - <span class=\"tribe-event-time\">21h00<\/span><\/span><span class=\"duration venue\"><em> \u00e0 <\/em>Le Cours<\/span><\/li><li class=\"ecs-event musicomnia_ecs_category\"><h4 class=\"entry-title summary\"><a href=\"https:\/\/helicomnia.fr\/site\/event\/le-musicomnia-daout\/\" rel=\"bookmark\">Les Musicomnia d&rsquo;aout<\/a><\/h4><span class=\"duration time\"><span class=\"tribe-event-date-start\">21 ao\u00fbt \u00e0 18h00<\/span> - <span class=\"tribe-event-time\">21h00<\/span><\/span><span class=\"duration venue\"><em> \u00e0 <\/em>Le Cours<\/span><\/li><\/ul><script type=\"application\/ld+json\">\r\n[{\"@context\":\"http:\/\/schema.org\",\"@type\":\"Event\",\"name\":\"Les Musicomnia de mai\",\"description\":\"\",\"url\":\"https:\/\/helicomnia.fr\/site\/event\/musicomnia-de-mai\/\",\"eventAttendanceMode\":\"https:\/\/schema.org\/OfflineEventAttendanceMode\",\"eventStatus\":\"https:\/\/schema.org\/EventScheduled\",\"startDate\":\"2026-05-07T18:00:00+02:00\",\"endDate\":\"2026-05-07T21:00:00+02:00\",\"location\":{\"@type\":\"Place\",\"name\":\"Le Cours\",\"description\":\"\",\"url\":\"\",\"address\":{\"@type\":\"PostalAddress\",\"streetAddress\":\"Le Cours\",\"addressLocality\":\"Vinon-sur-Verdon\",\"postalCode\":\"83560\",\"addressCountry\":\"France\"},\"telephone\":\"\",\"sameAs\":\"\"},\"organizer\":{\"@type\":\"Person\",\"name\":\"H\\u00e9licomnia\",\"description\":\"\",\"url\":\"https:\/\/helicomnia.fr\",\"telephone\":\"\",\"email\":\"&#105;n&#102;&#111;&#64;h&#101;&#108;&#105;&#99;omnia&#46;&#102;r\",\"sameAs\":\"https:\/\/helicomnia.fr\"},\"performer\":\"Organization\"},{\"@context\":\"http:\/\/schema.org\",\"@type\":\"Event\",\"name\":\"Les balades de l&rsquo;art\",\"description\":\"\",\"url\":\"https:\/\/helicomnia.fr\/site\/event\/les-balades-de-lart\/\",\"eventAttendanceMode\":\"https:\/\/schema.org\/OfflineEventAttendanceMode\",\"eventStatus\":\"https:\/\/schema.org\/EventScheduled\",\"startDate\":\"2026-05-23T15:30:00+02:00\",\"endDate\":\"2026-05-23T17:00:00+02:00\",\"location\":{\"@type\":\"Place\",\"name\":\"Chapelle Saint Nom de J\\u00e9sus\",\"description\":\"\",\"url\":\"\",\"address\":{\"@type\":\"PostalAddress\",\"streetAddress\":\"10 chemin de Margin\",\"addressLocality\":\"Vinon-sur-Verdon\",\"addressCountry\":\"France\"},\"telephone\":\"\",\"sameAs\":\"\"},\"organizer\":{\"@type\":\"Person\",\"name\":\"H\\u00e9licomnia\",\"description\":\"\",\"url\":\"https:\/\/helicomnia.fr\",\"telephone\":\"\",\"email\":\"&#105;n&#102;o&#64;hel&#105;&#99;omnia.&#102;r\",\"sameAs\":\"https:\/\/helicomnia.fr\"},\"offers\":{\"@type\":\"Offer\",\"price\":\"15\",\"priceCurrency\":\"EUR\",\"url\":\"https:\/\/helicomnia.fr\/site\/event\/les-balades-de-lart\/\",\"category\":\"primary\",\"availability\":\"inStock\",\"validFrom\":\"1970-01-01T00:00:00+00:00\"},\"performer\":\"Organization\"},{\"@context\":\"http:\/\/schema.org\",\"@type\":\"Event\",\"name\":\"Les Musicomnia de juin\",\"description\":\"\",\"image\":\"https:\/\/helicomnia.fr\/site\/wp-content\/uploads\/2026\/02\/affiche_2-scaled.jpg\",\"url\":\"https:\/\/helicomnia.fr\/site\/event\/les-musicomnia-de-juin\/\",\"eventAttendanceMode\":\"https:\/\/schema.org\/OfflineEventAttendanceMode\",\"eventStatus\":\"https:\/\/schema.org\/EventScheduled\",\"startDate\":\"2026-06-19T18:00:00+02:00\",\"endDate\":\"2026-06-19T19:00:00+02:00\",\"location\":{\"@type\":\"Place\",\"name\":\"Le Cours\",\"description\":\"\",\"url\":\"\",\"address\":{\"@type\":\"PostalAddress\",\"streetAddress\":\"Le Cours\",\"addressLocality\":\"Vinon-sur-Verdon\",\"postalCode\":\"83560\",\"addressCountry\":\"France\"},\"telephone\":\"\",\"sameAs\":\"\"},\"organizer\":{\"@type\":\"Person\",\"name\":\"H\\u00e9licomnia\",\"description\":\"\",\"url\":\"https:\/\/helicomnia.fr\",\"telephone\":\"\",\"email\":\"&#105;nfo&#64;h&#101;&#108;&#105;c&#111;&#109;&#110;&#105;&#97;&#46;&#102;&#114;\",\"sameAs\":\"https:\/\/helicomnia.fr\"},\"performer\":\"Organization\"},{\"@context\":\"http:\/\/schema.org\",\"@type\":\"Event\",\"name\":\"Les Musicomnia de juillet\",\"description\":\"\",\"image\":\"https:\/\/helicomnia.fr\/site\/wp-content\/uploads\/2026\/02\/affiche_2-scaled.jpg\",\"url\":\"https:\/\/helicomnia.fr\/site\/event\/les-musicomnia-de-juillet\/\",\"eventAttendanceMode\":\"https:\/\/schema.org\/OfflineEventAttendanceMode\",\"eventStatus\":\"https:\/\/schema.org\/EventScheduled\",\"startDate\":\"2026-07-03T18:00:00+02:00\",\"endDate\":\"2026-07-03T21:00:00+02:00\",\"location\":{\"@type\":\"Place\",\"name\":\"Le Cours\",\"description\":\"\",\"url\":\"\",\"address\":{\"@type\":\"PostalAddress\",\"streetAddress\":\"Le Cours\",\"addressLocality\":\"Vinon-sur-Verdon\",\"postalCode\":\"83560\",\"addressCountry\":\"France\"},\"telephone\":\"\",\"sameAs\":\"\"},\"organizer\":{\"@type\":\"Person\",\"name\":\"H\\u00e9licomnia\",\"description\":\"\",\"url\":\"https:\/\/helicomnia.fr\",\"telephone\":\"\",\"email\":\"i&#110;&#102;&#111;&#64;&#104;e&#108;&#105;&#99;&#111;&#109;n&#105;a.&#102;r\",\"sameAs\":\"https:\/\/helicomnia.fr\"},\"performer\":\"Organization\"},{\"@context\":\"http:\/\/schema.org\",\"@type\":\"Event\",\"name\":\"Les Musicomnia d&rsquo;aout\",\"description\":\"\",\"url\":\"https:\/\/helicomnia.fr\/site\/event\/le-musicomnia-daout\/\",\"eventAttendanceMode\":\"https:\/\/schema.org\/OfflineEventAttendanceMode\",\"eventStatus\":\"https:\/\/schema.org\/EventScheduled\",\"startDate\":\"2026-08-21T18:00:00+02:00\",\"endDate\":\"2026-08-21T21:00:00+02:00\",\"location\":{\"@type\":\"Place\",\"name\":\"Le Cours\",\"description\":\"\",\"url\":\"\",\"address\":{\"@type\":\"PostalAddress\",\"streetAddress\":\"Le Cours\",\"addressLocality\":\"Vinon-sur-Verdon\",\"postalCode\":\"83560\",\"addressCountry\":\"France\"},\"telephone\":\"\",\"sameAs\":\"\"},\"organizer\":{\"@type\":\"Person\",\"name\":\"H\\u00e9licomnia\",\"description\":\"\",\"url\":\"https:\/\/helicomnia.fr\",\"telephone\":\"\",\"email\":\"&#105;&#110;&#102;&#111;&#64;&#104;&#101;li&#99;omn&#105;&#97;&#46;fr\",\"sameAs\":\"https:\/\/helicomnia.fr\"},\"performer\":\"Organization\"}]\r\n<\/script><!--\n Event listing powered by The Events Calendar Shortcode\n https:\/\/eventcalendarnewsletter.com\/the-events-calendar-shortcode\/ \n--> \n<figure itemscope itemtype=\"https:\/\/schema.org\/ImageObject\">\n\t\t\t\t<img decoding=\"async\" src=\"https:\/\/helicomnia.fr\/site\/wp-content\/uploads\/2025\/10\/logo-avec-nom-blanc.png\" alt=\"logo avec nom blanc\" height=\"718\" width=\"780\" title=\"logo avec nom blanc\" onerror=\"this.style.display='none'\" loading=\"lazy\" \/>\n\t<\/figure>\n\t<h3>Suivez-nous !<\/h3>\n\t<p>Association loi 1901<\/p>\n<p>SIRET : 94476893600014<\/p>\n<p>&nbsp;<\/p>\n\n","protected":false},"excerpt":{"rendered":"","protected":false},"author":1,"featured_media":0,"parent":0,"menu_order":0,"comment_status":"closed","ping_status":"closed","template":"tpl-no-header-footer.php","meta":{"_EventAllDay":false,"_EventTimezone":"","_EventStartDate":"","_EventEndDate":"","_EventStartDateUTC":"","_EventEndDateUTC":"","_EventShowMap":false,"_EventShowMapLink":false,"_EventURL":"","_EventCost":"","_EventCostDescription":"","_EventCurrencySymbol":"","_EventCurrencyCode":"","_EventCurrencyPosition":"","_EventDateTimeSeparator":"","_EventTimeRangeSeparator":"","_EventOrganizerID":[],"_EventVenueID":[],"_OrganizerEmail":"","_OrganizerPhone":"","_OrganizerWebsite":"","_VenueAddress":"","_VenueCity":"","_VenueCountry":"","_VenueProvince":"","_VenueState":"","_VenueZip":"","_VenuePhone":"","_VenueURL":"","_VenueStateProvince":"","_VenueLat":"","_VenueLng":"","_VenueShowMap":false,"_VenueShowMapLink":false,"footnotes":""},"class_list":["post-11","page","type-page","status-publish","hentry","cat_musicomnia"],"_links":{"self":[{"href":"https:\/\/helicomnia.fr\/site\/wp-json\/wp\/v2\/pages\/11","targetHints":{"allow":["GET"]}}],"collection":[{"href":"https:\/\/helicomnia.fr\/site\/wp-json\/wp\/v2\/pages"}],"about":[{"href":"https:\/\/helicomnia.fr\/site\/wp-json\/wp\/v2\/types\/page"}],"author":[{"embeddable":true,"href":"https:\/\/helicomnia.fr\/site\/wp-json\/wp\/v2\/users\/1"}],"replies":[{"embeddable":true,"href":"https:\/\/helicomnia.fr\/site\/wp-json\/wp\/v2\/comments?post=11"}],"version-history":[{"count":11,"href":"https:\/\/helicomnia.fr\/site\/wp-json\/wp\/v2\/pages\/11\/revisions"}],"predecessor-version":[{"id":172,"href":"https:\/\/helicomnia.fr\/site\/wp-json\/wp\/v2\/pages\/11\/revisions\/172"}],"wp:attachment":[{"href":"https:\/\/helicomnia.fr\/site\/wp-json\/wp\/v2\/media?parent=11"}],"curies":[{"name":"wp","href":"https:\/\/api.w.org\/{rel}","templated":true}]}}